{"id":25666,"date":"2025-06-26T22:44:32","date_gmt":"2025-06-26T20:44:32","guid":{"rendered":"https:\/\/dupescents.co\/politica-de-privacidad\/"},"modified":"2026-02-18T18:29:19","modified_gmt":"2026-02-18T17:29:19","slug":"politica-de-privacidad","status":"publish","type":"page","link":"https:\/\/dupescents.co\/es\/politica-de-privacidad\/","title":{"rendered":"Pol\u00edtica de privacidad"},"content":{"rendered":"\n<p>\u00daltima actualizaci\u00f3n: 28 de marzo de 2025<\/p>\n\n<p>La presente Pol\u00edtica de Privacidad describe c\u00f3mo Magic Perfume (el \u00abSitio\u00bb, \u00abnosotros\u00bb, \u00abnos\u00bb o \u00abnuestro\u00bb) recopila, utiliza y divulga tu informaci\u00f3n personal cuando visitas magicperfume.co.uk (el \u00abSitio\u00bb), utilizas nuestros servicios, realizas una compra en el Sitio o interact\u00faas de cualquier otra forma con nosotros en relaci\u00f3n con el Sitio (colectivamente, los \u00abServicios\u00bb). A efectos de esta Pol\u00edtica de Privacidad, \u00abt\u00fa\u00bb y \u00abtu\u00bb se refieren a ti como usuario de los Servicios, ya seas un cliente, un visitante del Sitio o cualquier otra persona cuya informaci\u00f3n hayamos recopilado de conformidad con esta Pol\u00edtica de Privacidad. <\/p>\n\n<p>Lee atentamente esta pol\u00edtica de privacidad.<\/p>\n\n<h2 class=\"wp-block-heading\">Cambios en esta pol\u00edtica de privacidad<\/h2>\n\n<p>Podemos actualizar esta Pol\u00edtica de Privacidad de vez en cuando, incluso para reflejar cambios en nuestras pr\u00e1cticas o por otras razones operativas, legales o normativas. Publicaremos la Pol\u00edtica de Privacidad revisada en el Sitio, actualizaremos la fecha de \u00ab\u00daltima actualizaci\u00f3n\u00bb y tomaremos cualquier otra medida exigida por la ley. <\/p>\n\n<h2 class=\"wp-block-heading\">C\u00f3mo recogemos y utilizamos tus datos personales<\/h2>\n\n<p>Para prestar los Servicios, recopilamos la informaci\u00f3n que se indica a continuaci\u00f3n. La informaci\u00f3n que recopilamos y utilizamos var\u00eda en funci\u00f3n de c\u00f3mo interact\u00faes con nosotros. <\/p>\n\n<p>Adem\u00e1s de los usos espec\u00edficos que se indican a continuaci\u00f3n, podemos utilizar la informaci\u00f3n que recopilamos sobre ti para comunicarnos contigo, prestar o mejorar los Servicios, cumplir con cualquier obligaci\u00f3n legal aplicable, hacer cumplir las condiciones de servicio aplicables y proteger o defender los Servicios, nuestros derechos y los derechos de nuestros usuarios o de terceros.<\/p>\n\n<h3 class=\"wp-block-heading\">\u00bfQu\u00e9 datos personales recogemos?<\/h3>\n\n<p>El tipo de informaci\u00f3n personal que recibimos sobre ti depende de c\u00f3mo interact\u00faes con nuestro Sitio y utilices nuestros servicios. Cuando utilizamos el t\u00e9rmino \u00abinformaci\u00f3n personal\u00bb, nos referimos a la informaci\u00f3n que te identifica, se refiere a ti, te describe o puede asociarse a ti. Las siguientes secciones describen las categor\u00edas y tipos espec\u00edficos de informaci\u00f3n personal que recopilamos.  <\/p>\n\n<h3 class=\"wp-block-heading\">Informaci\u00f3n que recopilamos directamente de ti<\/h3>\n\n<p>La informaci\u00f3n que nos proporcionas directamente a trav\u00e9s de nuestros servicios puede incluir<\/p>\n\n<ul class=\"wp-block-list\">\n<li><strong>Datos de contacto<\/strong>: incluyendo tu nombre, direcci\u00f3n, n\u00famero de tel\u00e9fono y direcci\u00f3n de correo electr\u00f3nico.<\/li>\n\n\n\n<li><strong>Informaci\u00f3n del pedido<\/strong>: incluido tu nombre, direcci\u00f3n de facturaci\u00f3n, direcci\u00f3n de entrega, confirmaci\u00f3n del pago, direcci\u00f3n de correo electr\u00f3nico y n\u00famero de tel\u00e9fono.<\/li>\n\n\n\n<li><strong>Informaci\u00f3n de la<\/strong> cuenta - incluyendo tu nombre de usuario, contrase\u00f1a, preguntas de seguridad y otra informaci\u00f3n utilizada para la seguridad de la cuenta.<\/li>\n\n\n\n<li><strong>Informaci\u00f3n de atenci\u00f3n al cliente<\/strong>: incluida la informaci\u00f3n que incluyas en tus comunicaciones con nosotros, por ejemplo, cuando env\u00edes un mensaje a trav\u00e9s de los Servicios.<\/li>\n<\/ul>\n\n<p>Algunas funciones de los Servicios pueden requerir que nos proporciones cierta informaci\u00f3n sobre ti directamente. Puedes elegir no proporcionar esta informaci\u00f3n. Sin embargo, esto puede significar que no puedas utilizar o acceder a estas funciones.  <\/p>\n\n<h3 class=\"wp-block-heading\">Informaci\u00f3n que recopilamos sobre tu uso<\/h3>\n\n<p>Tambi\u00e9n podemos recopilar autom\u00e1ticamente cierta informaci\u00f3n sobre tu interacci\u00f3n con los Servicios (<strong>\u00abDatos de Uso<\/strong>\u00ab). Para ello, podemos utilizar cookies, p\u00edxeles y tecnolog\u00edas similares (<strong>\u00abCookies\u00bb<\/strong>). Los Datos de Uso pueden incluir informaci\u00f3n sobre c\u00f3mo accedes y utilizas nuestro Sitio y tu cuenta, incluyendo informaci\u00f3n del dispositivo, informaci\u00f3n del navegador, informaci\u00f3n sobre tu conexi\u00f3n de red, tu direcci\u00f3n IP y otra informaci\u00f3n sobre tu interacci\u00f3n con los Servicios. <\/p>\n\n<h3 class=\"wp-block-heading\">Informaci\u00f3n recibida de terceros<\/h3>\n\n<p>Por \u00faltimo, podemos recibir informaci\u00f3n sobre ti de terceros, incluidos vendedores y proveedores de servicios que recopilan informaci\u00f3n en nuestro nombre, por ejemplo:<\/p>\n\n<ul class=\"wp-block-list\">\n<li>Empresas que apoyan nuestro sitio y nuestros servicios, como Shopify.<\/li>\n\n\n\n<li>Nuestros procesadores de pagos, que recopilan informaci\u00f3n sobre el pago (por ejemplo, informaci\u00f3n sobre la cuenta bancaria, la tarjeta de cr\u00e9dito o d\u00e9bito, la direcci\u00f3n de facturaci\u00f3n) para procesar tu pago, cumplir tus pedidos y proporcionarte los productos o servicios que has solicitado con el fin de cumplir nuestro contrato contigo.<\/li>\n\n\n\n<li>Cuando visitas nuestro Sitio, abres o haces clic en los correos electr\u00f3nicos que te enviamos, o interact\u00faas con nuestros servicios o anuncios, nosotros o terceros con los que trabajamos podemos recopilar autom\u00e1ticamente cierta informaci\u00f3n utilizando tecnolog\u00edas de seguimiento en l\u00ednea como p\u00edxeles, balizas web, kits de desarrollo de software, bibliotecas de terceros y cookies.<\/li>\n<\/ul>\n\n<p>Cualquier informaci\u00f3n que recibamos de terceros ser\u00e1 tratada de acuerdo con esta Pol\u00edtica de privacidad. V\u00e9ase tambi\u00e9n la secci\u00f3n siguiente, <em>Sitios web de terceros y enlaces.<\/em> <\/p>\n\n<h3 class=\"wp-block-heading\">C\u00f3mo utilizamos tus datos personales<\/h3>\n\n<ul class=\"wp-block-list\">\n<li><strong>Suministro de productos y servicios.<\/strong>  Utilizamos tu informaci\u00f3n personal para proporcionarte los Servicios y para cumplir nuestro contrato contigo, incluyendo el procesamiento de tus pagos, el cumplimiento de tus pedidos, el env\u00edo de notificaciones relativas a tu cuenta, compras, devoluciones, cambios u otras transacciones, la creaci\u00f3n, mantenimiento y gesti\u00f3n de tu cuenta, la organizaci\u00f3n de los env\u00edos, la facilitaci\u00f3n de devoluciones y cambios, y otras funciones y funcionalidades relacionadas con tu cuenta. . Tambi\u00e9n podemos mejorar tu experiencia de compra permitiendo que Shopify asocie tu cuenta con otros servicios de Shopify que decidas utilizar. En este caso, Shopify procesar\u00e1 tus datos de acuerdo con su Pol\u00edtica de Privacidad y la Pol\u00edtica de Privacidad del Consumidor. <\/li>\n\n\n\n<li><strong>Marketing y publicidad.<\/strong>  Podemos utilizar tus datos personales con fines de marketing y promoci\u00f3n, por ejemplo para enviarte mensajes de marketing y promoci\u00f3n por correo electr\u00f3nico, SMS o correo postal y para mostrarte anuncios de productos o servicios. Esto puede incluir el uso de tus datos personales para personalizar mejor los servicios y la publicidad de nuestro Sitio y de otros sitios web. Si te encuentras en el EEE, la base jur\u00eddica de estas actividades de procesamiento de datos es nuestro inter\u00e9s leg\u00edtimo en vender nuestros productos de conformidad con el Art. 6, p\u00e1rrafo 1 (f) GDPR.  <\/li>\n\n\n\n<li><strong>Seguridad y prevenci\u00f3n del fraude.<\/strong>  Utilizamos tus datos personales para detectar, investigar o tomar medidas contra posibles actividades fraudulentas, ilegales o maliciosas. Si decides utilizar los Servicios y registrar una cuenta, eres responsable de mantener la seguridad de las credenciales de tu cuenta. Te recomendamos encarecidamente que no compartas tu nombre de usuario, contrase\u00f1a u otra informaci\u00f3n de acceso con nadie. Si crees que tu cuenta ha sido comprometida, ponte en contacto con nosotros inmediatamente. Si te encuentras en el EEE, la base jur\u00eddica de estas actividades de procesamiento de datos es nuestro inter\u00e9s leg\u00edtimo en garantizar la seguridad de nuestro sitio web para ti y otros clientes, de conformidad con el Art. 6, p\u00e1rr. 1 (f) GDPR.    <\/li>\n\n\n\n<li><strong>Comunicaci\u00f3n contigo y mejora del servicio.<\/strong>  Utilizamos tus datos personales para proporcionarte asistencia al cliente y mejorar nuestros servicios. Esto es en nuestro inter\u00e9s leg\u00edtimo para poder responderte, proporcionarte servicios eficaces y mantener nuestra relaci\u00f3n comercial contigo, de acuerdo con el Art. 6, p\u00e1rrafo 1 (f) GDPR. <\/li>\n<\/ul>\n\n<h2 class=\"wp-block-heading\">Cookies<\/h2>\n\n<p>Como muchos sitios web, utilizamos cookies en nuestro sitio. Para obtener informaci\u00f3n espec\u00edfica sobre las cookies que utilizamos en relaci\u00f3n con el suministro de nuestra tienda a trav\u00e9s de Shopify, visita <a href=\"https:\/\/www.shopify.com\/legal\/cookies\" target=\"_blank\" rel=\"noreferrer noopener\">https:\/\/www.shopify.com\/legal\/cookies.<\/a> Utilizamos cookies para operar y mejorar nuestro Sitio y Servicios (incluyendo recordar tus acciones y preferencias), para realizar an\u00e1lisis y para comprender mejor la interacci\u00f3n del usuario con los Servicios (en nuestro leg\u00edtimo inter\u00e9s de administrar, mejorar y optimizar los Servicios). Tambi\u00e9n podemos permitir que terceros y proveedores de servicios utilicen cookies en nuestro Sitio para personalizar mejor los Servicios, productos y publicidad de nuestro Sitio y otros sitios web.   <\/p>\n\n<p>La mayor\u00eda de los navegadores aceptan autom\u00e1ticamente las cookies por defecto. Sin embargo, puedes configurar tu navegador para que elimine o rechace las cookies a trav\u00e9s de los controles del navegador. Ten en cuenta que eliminar o bloquear las cookies puede afectar a tu experiencia de usuario y puede hacer que algunos de los Servicios, incluidas determinadas caracter\u00edsticas y funcionalidades generales, no funcionen correctamente o dejen de estar disponibles. Adem\u00e1s, bloquear las cookies puede no impedir completamente que compartamos informaci\u00f3n con terceros, como nuestros socios publicitarios.   <\/p>\n\n<h2 class=\"wp-block-heading\">C\u00f3mo compartimos los datos personales<\/h2>\n\n<p>En determinadas circunstancias, podemos revelar tus datos personales a terceros para el cumplimiento de contratos, con fines leg\u00edtimos y por otras razones sujetas a esta Pol\u00edtica de Privacidad. Estas circunstancias pueden incluir: <\/p>\n\n<ul class=\"wp-block-list\">\n<li>con proveedores u otros terceros que presten servicios en nuestro nombre (por ejemplo, gesti\u00f3n inform\u00e1tica, procesamiento de pagos, an\u00e1lisis de datos, atenci\u00f3n al cliente, almacenamiento en la nube, realizaci\u00f3n de pedidos y env\u00edos).<\/li>\n\n\n\n<li>con socios comerciales y de marketing para prestarte servicios y hacerte publicidad. Nuestros socios comerciales y de marketing utilizan tus datos de acuerdo con sus propias pol\u00edticas de privacidad. <\/li>\n\n\n\n<li>Cuando nos das instrucciones, nos lo pides o nos das tu consentimiento para compartir cierta informaci\u00f3n con terceros, por ejemplo, para enviarte productos o mediante el uso de widgets de redes sociales o integraciones de inicio de sesi\u00f3n, y con tu consentimiento.<\/li>\n\n\n\n<li>con nuestras filiales o de otro modo dentro de nuestro grupo de empresas, en nuestro inter\u00e9s leg\u00edtimo de dirigir un negocio con \u00e9xito.<\/li>\n\n\n\n<li>En relaci\u00f3n con una transacci\u00f3n empresarial, como una fusi\u00f3n o una quiebra, para cumplir con todas las obligaciones legales aplicables (incluida la respuesta a citaciones, \u00f3rdenes de registro y solicitudes similares), para hacer cumplir las condiciones de servicio aplicables y para proteger o defender los Servicios, nuestros derechos y los derechos de nuestros usuarios o de terceros.<\/li>\n<\/ul>\n\n<p>Revelamos Revelamos las siguientes categor\u00edas de datos personales y datos personales sensibles sobre los usuarios para los fines expuestos anteriormente en <em>\u00abC\u00f3mo recopilamos y utilizamos tus datos personales\u00bb<\/em> y <em>\u00abC\u00f3mo revelamos datos personales\u00bb.<\/em><\/p>\n\n<figure class=\"wp-block-table\"><table class=\"has-fixed-layout\"><tbody><tr><th>Categor\u00edas<\/th><th>Categor\u00edas de destinatarios<\/th><\/tr><tr><td>Identificadores como informaci\u00f3n b\u00e1sica de contacto y cierta informaci\u00f3n de pedidos y cuentasInformaci\u00f3n comercial como informaci\u00f3n de pedidos, informaci\u00f3n de compras e informaci\u00f3n de atenci\u00f3n al clienteActividad en Internet u otras redes similares, como datos de usoDatos de geolocalizaci\u00f3n, como ubicaciones determinadas por una direcci\u00f3n IP u otros medios t\u00e9cnicos<\/td><td>Proveedores y terceros que prestan servicios en nuestro nombre (como proveedores de servicios de Internet, procesadores de pagos, socios de cumplimiento, socios de atenci\u00f3n al cliente y proveedores de an\u00e1lisis de datos)Socios comerciales y de marketingFiliales<\/td><\/tr><\/tbody><\/table><\/figure>\n\n<p>No utilizamos ni publicamos tus datos personales sin tu consentimiento ni con el fin de sacar conclusiones sobre ti.<\/p>\n\n<p>Con tu consentimiento, transmitimos datos personales con el fin de llevar a cabo actividades de publicidad y marketing de la siguiente manera.<\/p>\n\n<h2 class=\"wp-block-heading\">Sitios web de terceros y enlaces.<\/h2>\n\n<p>Nuestro Sitio puede contener enlaces a sitios web u otras plataformas en l\u00ednea gestionadas por terceros. Si sigues enlaces a sitios web que no est\u00e1n afiliados a nosotros ni controlados por nosotros, debes revisar sus pol\u00edticas de privacidad y seguridad y otros t\u00e9rminos y condiciones. No ofrecemos ninguna garant\u00eda ni declaraci\u00f3n en relaci\u00f3n con la privacidad o seguridad de dichos sitios web, incluida la exactitud, integridad o fiabilidad de la informaci\u00f3n que se encuentre en ellos. La informaci\u00f3n que proporciones en lugares p\u00fablicos o semip\u00fablicos, incluida la informaci\u00f3n que compartas en plataformas de redes sociales de terceros, tambi\u00e9n puede ser vista por otros usuarios de los Servicios y\/o usuarios de dichas plataformas de terceros, sin restricciones en cuanto a su uso por nuestra parte o por terceros. Nuestra inclusi\u00f3n de dichos enlaces no constituye autom\u00e1ticamente una aprobaci\u00f3n del contenido de dichas plataformas o de sus propietarios u operadores, salvo que se indique lo contrario en los Servicios.    <\/p>\n\n<h2 class=\"wp-block-heading\">Datos de los ni\u00f1os<\/h2>\n\n<p>Los Servicios no est\u00e1n destinados a ser utilizados por ni\u00f1os y no recopilamos conscientemente datos personales de ni\u00f1os. Si eres el padre, la madre o el tutor legal de un ni\u00f1o que nos ha proporcionado sus datos personales, puedes ponerte en contacto con nosotros utilizando los datos de contacto que aparecen a continuaci\u00f3n y solicitar la eliminaci\u00f3n de estos datos. <\/p>\n\n<p>En la fecha de entrada en vigor de esta Pol\u00edtica de Privacidad, no tenemos conocimiento real de que \u00abcompartamos\u00bb o \u00abvendamos\u00bb (tal y como se definen estos t\u00e9rminos en la legislaci\u00f3n aplicable) informaci\u00f3n personal de personas menores de 16 a\u00f1os.<\/p>\n\n<h2 class=\"wp-block-heading\">Seguridad y almacenamiento de tus datos<\/h2>\n\n<p>Ten en cuenta que ninguna medida de seguridad es perfecta o impenetrable y que no podemos garantizar una \u00abseguridad perfecta\u00bb. Adem\u00e1s, es posible que la informaci\u00f3n que nos env\u00edes no sea segura durante la transmisi\u00f3n. Te recomendamos que no utilices canales inseguros para comunicarnos informaci\u00f3n sensible o confidencial.  <\/p>\n\n<p>El tiempo que conservamos tu informaci\u00f3n personal depende de varios factores, entre ellos si la necesitamos para administrar tu cuenta, prestar los Servicios, cumplir con obligaciones legales, resolver disputas o hacer cumplir otros contratos y pol\u00edticas aplicables.<\/p>\n\n<h2 class=\"wp-block-heading\">Tus derechos<\/h2>\n\n<p>Dependiendo de d\u00f3nde vivas, puedes tener algunos o todos los derechos enumerados a continuaci\u00f3n en relaci\u00f3n con tus datos personales. Sin embargo, estos derechos no son absolutos y s\u00f3lo se aplican en determinadas circunstancias. En determinados casos, podemos rechazar tu solicitud en la medida en que lo permita la ley.  <\/p>\n\n<ul class=\"wp-block-list\">\n<li><strong>Derecho de acceso\/informaci\u00f3n<\/strong>: Puedes tener derecho a solicitar acceso a los datos personales que tenemos sobre ti, incluyendo detalles sobre c\u00f3mo utilizamos y compartimos tus datos.<\/li>\n\n\n\n<li><strong>Derecho de supresi\u00f3n<\/strong>: Puedes tener derecho a solicitar la supresi\u00f3n de los datos personales que tenemos sobre ti.<\/li>\n\n\n\n<li><strong>Derecho de rectificaci\u00f3n<\/strong>: Puedes tener derecho a solicitar la rectificaci\u00f3n de los datos personales inexactos que tengamos sobre ti.<\/li>\n\n\n\n<li><strong>Derecho a la portabilidad<\/strong>: Puedes tener derecho a obtener una copia de los datos personales que tenemos sobre ti y, en determinadas circunstancias y con ciertas excepciones, a solicitar la transferencia de esos datos a un tercero.<\/li>\n\n\n\n<li><strong>Derecho a oponerte a la venta, al uso compartido o a la<\/strong> publicidad dirigida: Puedes tener derecho a indicarnos que no \u00abvendamos\u00bb ni \u00abcompartamos\u00bb tu informaci\u00f3n personal o a oponerte al tratamiento de tu informaci\u00f3n personal para fines que se consideren \u00abpublicidad dirigida\u00bb seg\u00fan las leyes de protecci\u00f3n de datos aplicables. Ten en cuenta: Si visitas nuestro Sitio con la se\u00f1al de preferencia de exclusi\u00f3n voluntaria \u00abControl Global de Privacidad\u00bb activada, dependiendo de tu ubicaci\u00f3n, podemos tratar esto autom\u00e1ticamente como una solicitud de exclusi\u00f3n voluntaria de la \u00abventa\u00bb o \u00abcompartici\u00f3n\u00bb de informaci\u00f3n para el dispositivo y navegador que utilizas para visitar el Sitio. <\/li>\n\n\n\n<li><strong>Restricci\u00f3n del tratamiento<\/strong>: Puedes tener derecho a pedirnos que detengamos o restrinjamos el tratamiento de tus datos personales.<\/li>\n\n\n\n<li><strong>Retirada del consentimiento<\/strong>: Cuando nos basemos en tu consentimiento para tratar tus datos personales, puedes tener derecho a retirar dicho consentimiento.<\/li>\n\n\n\n<li><strong>Derecho de recurso<\/strong>: Si nos negamos a tramitar tu solicitud, puedes tener derecho a recurrir nuestra decisi\u00f3n. Puedes hacerlo respondiendo directamente a nuestra negativa. <\/li>\n\n\n\n<li><strong>Gestionar las preferencias de comunicaci\u00f3n<\/strong>: Podemos enviarte correos electr\u00f3nicos promocionales y puedes optar por dejar de recibirlos en cualquier momento utilizando la opci\u00f3n de darse de baja que aparece en los correos electr\u00f3nicos que te enviamos. Si te das de baja, podemos seguir envi\u00e1ndote correos electr\u00f3nicos no promocionales, por ejemplo sobre tu cuenta o tus pedidos. <\/li>\n<\/ul>\n\n<p>Puedes ejercer estos derechos como se indica en nuestro sitio web o poni\u00e9ndote en contacto con nosotros utilizando los datos de contacto que figuran a continuaci\u00f3n.<\/p>\n\n<p>No te discriminaremos si ejerces cualquiera de estos derechos. Es posible que necesitemos recabar informaci\u00f3n sobre ti para verificar tu identidad, como tu direcci\u00f3n de correo electr\u00f3nico o la informaci\u00f3n de tu cuenta, antes de poder proporcionar una respuesta sustantiva a la solicitud. Conforme a la legislaci\u00f3n aplicable, puedes designar a un representante autorizado para que realice solicitudes en tu nombre para ejercer tus derechos. Antes de que aceptemos dicha solicitud de un representante, debemos obtener una prueba del representante de que le has autorizado a actuar en tu nombre. Tambi\u00e9n es posible que tengamos que confirmar tu identidad directamente con nosotros. Responderemos a tu solicitud en el plazo establecido por la legislaci\u00f3n aplicable.     <\/p>\n\n<h2 class=\"wp-block-heading\">Quejas<\/h2>\n\n<p>Si tienes alguna queja sobre la forma en que procesamos tus datos personales, ponte en contacto con nosotros utilizando los datos de contacto que aparecen a continuaci\u00f3n. Si no est\u00e1s satisfecho con nuestra respuesta a tu queja, dependiendo de d\u00f3nde vivas, puedes tener derecho a apelar nuestra decisi\u00f3n poni\u00e9ndote en contacto con nosotros utilizando los datos de contacto que aparecen m\u00e1s abajo o presentando tu queja ante la autoridad local de protecci\u00f3n de datos. Para el EEE, puedes encontrar una lista de las autoridades supervisoras de protecci\u00f3n de datos pertinentes <a href=\"https:\/\/edpb.europa.eu\/about-edpb\/about-edpb\/members_en\" target=\"_blank\" rel=\"noreferrer noopener\">aqu\u00ed<\/a>.  <\/p>\n\n<h2 class=\"wp-block-heading\">Usuarios internacionales<\/h2>\n\n<p>Ten en cuenta que podemos transferir, almacenar y procesar tus datos personales fuera del pa\u00eds en el que vives. Tus datos personales tambi\u00e9n ser\u00e1n procesados por empleados y proveedores de servicios externos y socios en estos pa\u00edses. <\/p>\n\n<p>Cuando transferimos tus datos personales a pa\u00edses no europeos, nos basamos en mecanismos de transferencia reconocidos, como las cl\u00e1usulas contractuales tipo de la Comisi\u00f3n Europea o contratos equivalentes de la autoridad competente del Reino Unido, a menos que la transferencia de datos se realice a un pa\u00eds que se haya determinado que ofrece un nivel de protecci\u00f3n adecuado.<\/p>\n\n<h2 class=\"wp-block-heading\">Contacta con nosotros<\/h2>\n\n<p>Si tienes alguna pregunta sobre nuestras pr\u00e1cticas de privacidad o sobre esta pol\u00edtica de privacidad, o deseas ejercer alguno de los derechos que te asisten, ll\u00e1manos o env\u00edanos un correo electr\u00f3nico a ankontakt@dupescents.co o ponte en contacto con nosotros en 128 City Road, Londres, Reino Unido, EC1V 2NX<\/p>\n\n<p>De acuerdo con las leyes de protecci\u00f3n de datos aplicables y a menos que se indique expresamente lo contrario, somos los responsables del tratamiento de tus datos personales.<\/p>\n","protected":false},"excerpt":{"rendered":"<p>\u00daltima actualizaci\u00f3n: 28 de marzo de 2025 La presente Pol\u00edtica de Privacidad describe c\u00f3mo Magic Perfume (el \u00abSitio\u00bb, \u00abnosotros\u00bb, \u00abnos\u00bb o \u00abnuestro\u00bb) recopila, utiliza y divulga tu informaci\u00f3n personal cuando visitas magicperfume.co.uk (el \u00abSitio\u00bb), utilizas nuestros servicios, realizas una compra en el Sitio o interact\u00faas de cualquier otra forma con nosotros en relaci\u00f3n con el [&hellip;]<\/p>\n","protected":false},"author":1,"featured_media":0,"parent":0,"menu_order":0,"comment_status":"closed","ping_status":"closed","template":"","meta":{"_acf_changed":false,"footnotes":""},"class_list":["post-25666","page","type-page","status-publish","hentry"],"acf":[],"aioseo_notices":[],"jetpack_sharing_enabled":true,"_links":{"self":[{"href":"https:\/\/dupescents.co\/es\/wp-json\/wp\/v2\/pages\/25666","targetHints":{"allow":["GET"]}}],"collection":[{"href":"https:\/\/dupescents.co\/es\/wp-json\/wp\/v2\/pages"}],"about":[{"href":"https:\/\/dupescents.co\/es\/wp-json\/wp\/v2\/types\/page"}],"author":[{"embeddable":true,"href":"https:\/\/dupescents.co\/es\/wp-json\/wp\/v2\/users\/1"}],"replies":[{"embeddable":true,"href":"https:\/\/dupescents.co\/es\/wp-json\/wp\/v2\/comments?post=25666"}],"version-history":[{"count":2,"href":"https:\/\/dupescents.co\/es\/wp-json\/wp\/v2\/pages\/25666\/revisions"}],"predecessor-version":[{"id":35583,"href":"https:\/\/dupescents.co\/es\/wp-json\/wp\/v2\/pages\/25666\/revisions\/35583"}],"wp:attachment":[{"href":"https:\/\/dupescents.co\/es\/wp-json\/wp\/v2\/media?parent=25666"}],"curies":[{"name":"wp","href":"https:\/\/api.w.org\/{rel}","templated":true}]}}