{"id":25265,"date":"2025-06-26T22:45:09","date_gmt":"2025-06-26T20:45:09","guid":{"rendered":"https:\/\/dupescents.co\/envio\/"},"modified":"2026-02-14T09:57:02","modified_gmt":"2026-02-14T08:57:02","slug":"envio","status":"publish","type":"page","link":"https:\/\/dupescents.co\/es\/envio\/","title":{"rendered":"Env\u00edo"},"content":{"rendered":"\n<p>Enviamos los paquetes hasta 7 d\u00edas h\u00e1biles despu\u00e9s de realizar el pedido. Generalmente, se env\u00edan el segundo d\u00eda h\u00e1bil, pero para los pedidos realizados durante fines de semana y d\u00edas festivos, nos reservamos un plazo de entrega de 7 d\u00edas. <\/p>\n\n<p>Los gastos de env\u00edo en Alemania son de 5,99 \u20ac.<\/p>\n\n<p>El pedido pasa por varias etapas; si un perfume se derrama o no est\u00e1 en stock, le informaremos por correo electr\u00f3nico.<\/p>\n\n<p>El plazo de entrega tras el env\u00edo es de 2 a 5 d\u00edas laborables. El env\u00edo se realiza desde Polonia a un punto de recogida y desde el punto de recogida directamente a tu casa. <\/p>\n","protected":false},"excerpt":{"rendered":"<p>Enviamos los paquetes hasta 7 d\u00edas h\u00e1biles despu\u00e9s de realizar el pedido. Generalmente, se env\u00edan el segundo d\u00eda h\u00e1bil, pero para los pedidos realizados durante fines de semana y d\u00edas festivos, nos reservamos un plazo de entrega de 7 d\u00edas. Los gastos de env\u00edo en Alemania son de 5,99 \u20ac. El pedido pasa por varias [&hellip;]<\/p>\n","protected":false},"author":1,"featured_media":0,"parent":0,"menu_order":0,"comment_status":"closed","ping_status":"closed","template":"","meta":{"_acf_changed":false,"footnotes":""},"class_list":["post-25265","page","type-page","status-publish","hentry"],"acf":[],"aioseo_notices":[],"jetpack_sharing_enabled":true,"_links":{"self":[{"href":"https:\/\/dupescents.co\/es\/wp-json\/wp\/v2\/pages\/25265","targetHints":{"allow":["GET"]}}],"collection":[{"href":"https:\/\/dupescents.co\/es\/wp-json\/wp\/v2\/pages"}],"about":[{"href":"https:\/\/dupescents.co\/es\/wp-json\/wp\/v2\/types\/page"}],"author":[{"embeddable":true,"href":"https:\/\/dupescents.co\/es\/wp-json\/wp\/v2\/users\/1"}],"replies":[{"embeddable":true,"href":"https:\/\/dupescents.co\/es\/wp-json\/wp\/v2\/comments?post=25265"}],"version-history":[{"count":2,"href":"https:\/\/dupescents.co\/es\/wp-json\/wp\/v2\/pages\/25265\/revisions"}],"predecessor-version":[{"id":35131,"href":"https:\/\/dupescents.co\/es\/wp-json\/wp\/v2\/pages\/25265\/revisions\/35131"}],"wp:attachment":[{"href":"https:\/\/dupescents.co\/es\/wp-json\/wp\/v2\/media?parent=25265"}],"curies":[{"name":"wp","href":"https:\/\/api.w.org\/{rel}","templated":true}]}}